{"id":8,"date":"2020-02-26T09:24:38","date_gmt":"2020-02-26T08:24:38","guid":{"rendered":"http:\/\/drumbrus.fr\/index.php\/mesmerize\/"},"modified":"2025-12-15T14:03:08","modified_gmt":"2025-12-15T13:03:08","slug":"mesmerize","status":"publish","type":"page","link":"https:\/\/drumbrus.fr\/en\/","title":{"rendered":"Front Page"},"content":{"rendered":"<div  id=\"portfolio-1\" class=\"portfolio-5 content-section content-section-spacing\" style=\"background-color: #ffffff; background-image: none;\" data-label=\"Portfolio\" data-id=\"portfolio--1\" data-export-id=\"portfolio-5\" data-category=\"portfolio\">\n<div  class=\"gridContainer\">\n<div  class=\"row text-center\">\n<div  class=\"section-title-col\" data-type=\"column\">\n<h2  class=\"\">My experience<\/h2>\n\n<\/div>\n<\/div>\n<div  class=\"row space-bottom spaced-cols\" data-type=\"row\">\n<div  class=\"col-xs-12 col-sm-4 text-center\">\n<div  class=\"card no-padding bordered\">\n<div  class=\"contentswap-effect\" data-hover-fx=\"portfolio-6\">\n<figure ><img  decoding=\"async\" src=\"https:\/\/drumbrus.fr\/wp-content\/uploads\/2025\/08\/They-Lived-Key.png\" data-size=\"500x333\"><\/figure><div  class=\"initial-image\"><\/div>\n<div  class=\"overlay bg-color6\">&nbsp;<\/div>\n<div  class=\"swap-inner col-xs-12\">\n<div  class=\"row full-height-row middle-xs middle-sm\">\n<div  class=\"col-xs-12 text-center content-holder\"><a  class=\"button small color2\" href=\"https:\/\/drumbrus.fr\/en\/they-lived-here\/\" target=\"_blank\" rel=\"noopener noreferrer\" data-cp-link=\"1\">Game's Page<\/a><\/div>\n<\/div>\n<\/div>\n<\/div>\n<div  class=\"col-xs-12\">\n<div  class=\"space-bottom space-top\" data-type=\"column\">\n<h5  class=\"\">They Lived Here - End of Degree project<\/h5>\n<p  class=\"small italic\">Game Designer, Narrative Designer, Lead Programmer, Team Manager<\/p>\n<\/div>\n<\/div>\n<\/div>\n<\/div>\n<div  class=\"col-xs-12 col-sm-4 text-center\">\n<div  class=\"card no-padding bordered\">\n<div  class=\"contentswap-effect\" data-hover-fx=\"portfolio-6\">\n<figure ><img  decoding=\"async\" src=\"https:\/\/drumbrus.fr\/wp-content\/uploads\/2025\/08\/Blanc.png\" data-size=\"500x333\"><\/figure><div  class=\"initial-image\"><\/div>\n<div  class=\"overlay bg-color6\">&nbsp;<\/div>\n<div  class=\"swap-inner col-xs-12\">\n<div  class=\"row full-height-row middle-xs middle-sm\">\n<div  class=\"col-xs-12 text-center content-holder\"><a  class=\"button small color2\" href=\"https:\/\/drumbrus.fr\/en\/stage-casus-ludi\/\" target=\"_blank\" rel=\"noopener noreferrer\" data-cp-link=\"1\">Game's Page<\/a><\/div>\n<\/div>\n<\/div>\n<\/div>\n<div  class=\"col-xs-12\">\n<div  class=\"space-bottom space-top\" data-type=\"column\">\n<h5  class=\"\">Blanc - Internship<\/h5>\n<p  class=\"small italic\">Prototyping, Programming, Game Design<\/p>\n<\/div>\n<\/div>\n<\/div>\n<\/div>\n<div  class=\"col-xs-12 col-sm-4 text-center\">\n<div  class=\"card no-padding bordered\">\n<div  class=\"contentswap-effect\" data-hover-fx=\"portfolio-6\">\n<figure ><img  decoding=\"async\" src=\"https:\/\/drumbrus.fr\/wp-content\/uploads\/2025\/08\/Altered.png\" data-size=\"500x333\"><\/figure><div  class=\"initial-image\"><\/div>\n<div  class=\"overlay bg-color6\">&nbsp;<\/div>\n<div  class=\"swap-inner col-xs-12\">\n<div  class=\"row full-height-row middle-xs middle-sm\">\n<div  class=\"col-xs-12 text-center content-holder\"><a  class=\"button small color2\" href=\"https:\/\/drumbrus.fr\/en\/equinox-tcg\/\" target=\"_blank\" rel=\"noopener noreferrer\" data-cp-link=\"1\">Game's Page<\/a><\/div>\n<\/div>\n<\/div>\n<\/div>\n<div  class=\"col-xs-12\">\n<div  class=\"space-bottom space-top\" data-type=\"column\">\n<h5  class=\"\">Equinox\n<\/h5>\n<p  class=\"small italic\">Game Designer, DEI referent<\/p>\n<\/div>\n<\/div>\n<\/div>\n<\/div>\n<\/div>\n<div  class=\"row\">\n<div  class=\"col-xs-12 text-center\" data-type=\"column\">&nbsp;<\/div>\n<\/div>\n<\/div>\n<\/div><div  id=\"about-1\" class=\"about-images-right-section content-section content-section-spacing\" style=\"background-color: #ffffff;\" data-label=\"About\" data-id=\"about--1\" data-export-id=\"about-images-right-section\" data-category=\"about\">\n<div  class=\"gridContainer\">\n<div  class=\"row middle-sm text-center\">\n<div  class=\"col-sm-5 content-left-sm\" data-type=\"column\">\n<h1  class=\"\">About Me<\/h1>\n\n\n\n\n<p  class=\"lead\">Jack of all trades, I'm specialized in both Game Design, Narrative Design, and C# programming.\n<br >Thanks to those skills, honed over the years, I'm extremely flexible when it comes to working on games. I also have some good knowledge on technical constraints, or on understanding a design ask when it comes to programming it.<br ><br >Outside of games, I mostly live for fiction. Especially fantasy, science fiction, and surreal works, in any format I happen to prefer at that moment.\n<br >Finally, I'm a curious person, who loves learning and seeking out new knowledge nuggets.<\/p><\/div>\n<div  class=\"col-sm-7 space-bottom-xs\">\n<figure ><a  class=\"top-img-anchor\" href=\"https:\/\/drumbrus.fr\/en\/buggle-trussle\/\" target=\"_blank\" rel=\"noopener\" data-cp-link=\"1\"><img  decoding=\"async\" class=\"topimg shadow-large\" title=\"cropped-cropped-Fin_Anim_Jules_Verne-3.png\" src=\"https:\/\/drumbrus.fr\/wp-content\/uploads\/2020\/06\/BuggleCropped.png\" alt=\"\"><\/a><\/figure><figure ><a  class=\"right-img-anchor\" href=\"https:\/\/drumbrus.fr\/en\/mechanical-wonders\/\" target=\"_blank\" rel=\"noopener\" data-cp-link=\"1\"><img  decoding=\"async\" class=\"rightimg shadow-large\" title=\"mechanical 1080\" src=\"https:\/\/drumbrus.fr\/wp-content\/uploads\/2020\/09\/cropped-GDMGtk.png\" alt=\"\"><\/a><\/figure><div  class=\"image-group-side-3-img\"> \n<p >&nbsp;<\/p>\n<figure ><a  href=\"https:\/\/drumbrus.fr\/en\/project-kunlun\/\" target=\"_blank\" rel=\"noopener\" data-cp-link=\"1\"><img  decoding=\"async\" class=\"shadow-large\" title=\"cropped-cropped-They-Lived-Key.png\" src=\"https:\/\/drumbrus.fr\/wp-content\/uploads\/2025\/06\/KunLun.png\" alt=\"\"><\/a><\/figure><div  class=\"leftimg\"><\/div>\n<\/div>\n<\/div>\n<\/div>\n<\/div>\n<\/div>","protected":false},"excerpt":{"rendered":"<p>Exp\u00e9riences principales &nbsp; Page du jeu They Lived Here- Projet de fin d\u2019\u00e9tudes Game Designer, Narrative Designer, Lead Programmer, Team Manager &nbsp; Page d\u2019information Blanc \u2013 Stage Programmation, prototypage, game design &nbsp; Page du jeu Equinox Game Designer, R\u00e9f\u00e9rente DEI &nbsp; A propos de moi D\u00e9veloppeuse touche \u00e0 tout, je suis multi sp\u00e9cialis\u00e9e, \u00e0 la&hellip; <br \/> <a class=\"read-more\" href=\"https:\/\/drumbrus.fr\/en\/\">Read more<\/a><\/p>","protected":false},"author":1,"featured_media":0,"parent":0,"menu_order":0,"comment_status":"closed","ping_status":"closed","template":"page-templates\/homepage.php","meta":{"footnotes":""},"class_list":["post-8","page","type-page","status-publish","hentry"],"_links":{"self":[{"href":"https:\/\/drumbrus.fr\/en\/wp-json\/wp\/v2\/pages\/8","targetHints":{"allow":["GET"]}}],"collection":[{"href":"https:\/\/drumbrus.fr\/en\/wp-json\/wp\/v2\/pages"}],"about":[{"href":"https:\/\/drumbrus.fr\/en\/wp-json\/wp\/v2\/types\/page"}],"author":[{"embeddable":true,"href":"https:\/\/drumbrus.fr\/en\/wp-json\/wp\/v2\/users\/1"}],"replies":[{"embeddable":true,"href":"https:\/\/drumbrus.fr\/en\/wp-json\/wp\/v2\/comments?post=8"}],"version-history":[{"count":101,"href":"https:\/\/drumbrus.fr\/en\/wp-json\/wp\/v2\/pages\/8\/revisions"}],"predecessor-version":[{"id":810,"href":"https:\/\/drumbrus.fr\/en\/wp-json\/wp\/v2\/pages\/8\/revisions\/810"}],"wp:attachment":[{"href":"https:\/\/drumbrus.fr\/en\/wp-json\/wp\/v2\/media?parent=8"}],"curies":[{"name":"wp","href":"https:\/\/api.w.org\/{rel}","templated":true}]}}